{"id":6587,"date":"2019-06-08T08:59:13","date_gmt":"2019-06-08T07:59:13","guid":{"rendered":"https:\/\/www.moebel-spanrad.de\/?page_id=6587"},"modified":"2019-06-13T09:45:59","modified_gmt":"2019-06-13T08:45:59","slug":"service","status":"publish","type":"page","link":"https:\/\/www.moebel-spanrad.de\/staging\/service\/","title":{"rendered":"Service"},"content":{"rendered":"<div class=\"wpb-content-wrapper\"><p>[vc_row][vc_column][vc_column_text]<\/p>\n<h3 style=\"text-align: center;\">Service schreiben wir GROSS!<\/h3>\n<p style=\"text-align: center;\"><strong>Planung, Baubetreuung, Ma\u00dfanfertigung, Montage, Kundendienst und Garantie sind f\u00fcr uns keine Fremdworte.<\/strong><\/p>\n<p>[\/vc_column_text]<div class=\"ult-spacer spacer-69eb940a1fdec\" data-id=\"69eb940a1fdec\" data-height=\"20\" data-height-mobile=\"20\" data-height-tab=\"20\" data-height-tab-portrait=\"\" data-height-mobile-landscape=\"\" style=\"clear:both;display:block;\"><\/div>[\/vc_column][\/vc_row][vc_row][vc_column width=&#8220;1\/3&#8243;]<div id=\"ultimate-heading-646569eb940a1fe19\" class=\"uvc-heading ult-adjust-bottom-margin ultimate-heading-646569eb940a1fe19 uvc-730  uvc-heading-default-font-sizes\" data-hspacer=\"no_spacer\"  data-halign=\"center\" style=\"text-align:center\"><div class=\"uvc-heading-spacer no_spacer\" style=\"top\"><\/div><div class=\"uvc-main-heading ult-responsive\"  data-ultimate-target='.uvc-heading.ultimate-heading-646569eb940a1fe19 h2'  data-responsive-json-new='{\"font-size\":\"\",\"line-height\":\"\"}' ><h2 style=\"font-weight:bold;\">Planung vor Ort<\/h2><\/div><\/div><div class=\"ult-spacer spacer-69eb940a1fe39\" data-id=\"69eb940a1fe39\" data-height=\"20\" data-height-mobile=\"10\" data-height-tab=\"10\" data-height-tab-portrait=\"10\" data-height-mobile-landscape=\"0\" style=\"clear:both;display:block;\"><\/div>[vc_column_text]<\/p>\n<p style=\"text-align: center;\">Wir haben die Planung bei uns im Studio konkretisiert &#8211; dann kommen wir zu Ihnen Nachhause. Aufma\u00df per Laser und Besprechung der Details erfolgt dann vor Ort.<\/p>\n<p>[\/vc_column_text][\/vc_column][vc_column width=&#8220;1\/3&#8243;]<div id=\"ultimate-heading-708869eb940a1fe4d\" class=\"uvc-heading ult-adjust-bottom-margin ultimate-heading-708869eb940a1fe4d uvc-9659  uvc-heading-default-font-sizes\" data-hspacer=\"no_spacer\"  data-halign=\"center\" style=\"text-align:center\"><div class=\"uvc-heading-spacer no_spacer\" style=\"top\"><\/div><div class=\"uvc-main-heading ult-responsive\"  data-ultimate-target='.uvc-heading.ultimate-heading-708869eb940a1fe4d h2'  data-responsive-json-new='{\"font-size\":\"\",\"line-height\":\"\"}' ><h2 style=\"font-weight:bold;\">Baubetreuung<\/h2><\/div><\/div><div class=\"ult-spacer spacer-69eb940a1fe63\" data-id=\"69eb940a1fe63\" data-height=\"20\" data-height-mobile=\"10\" data-height-tab=\"10\" data-height-tab-portrait=\"10\" data-height-mobile-landscape=\"0\" style=\"clear:both;display:block;\"><\/div>[vc_column_text]<\/p>\n<p style=\"text-align: center;\">Wir stimmen uns mit anderen Handwerkern und Ihrem Architekten ab. Lange bevor die K\u00fcche montiert wird, begleiten wir Ihr Bauvorhaben und sorgen daf\u00fcr, dass die K\u00fcche sp\u00e4ter optimal passt.<\/p>\n<p>[\/vc_column_text][\/vc_column][vc_column width=&#8220;1\/3&#8243;]<div id=\"ultimate-heading-934869eb940a1fe74\" class=\"uvc-heading ult-adjust-bottom-margin ultimate-heading-934869eb940a1fe74 uvc-6885  uvc-heading-default-font-sizes\" data-hspacer=\"no_spacer\"  data-halign=\"center\" style=\"text-align:center\"><div class=\"uvc-heading-spacer no_spacer\" style=\"top\"><\/div><div class=\"uvc-main-heading ult-responsive\"  data-ultimate-target='.uvc-heading.ultimate-heading-934869eb940a1fe74 h2'  data-responsive-json-new='{\"font-size\":\"\",\"line-height\":\"\"}' ><h2 style=\"font-weight:bold;\">Ma\u00dfanfertigung<\/h2><\/div><\/div><div class=\"ult-spacer spacer-69eb940a1fe88\" data-id=\"69eb940a1fe88\" data-height=\"20\" data-height-mobile=\"10\" data-height-tab=\"10\" data-height-tab-portrait=\"10\" data-height-mobile-landscape=\"0\" style=\"clear:both;display:block;\"><\/div>[vc_column_text]<\/p>\n<p style=\"text-align: center;\">In unserer Schreinerei k\u00f6nnen wir auch individuelle W\u00fcnsche realisieren. Damit steht Ihrer Schreinerk\u00fcche nichts mehr im Weg.<\/p>\n<p>[\/vc_column_text][\/vc_column][\/vc_row][vc_row][vc_column]<div class=\"ult-spacer spacer-69eb940a1fe92\" data-id=\"69eb940a1fe92\" data-height=\"20\" data-height-mobile=\"20\" data-height-tab=\"20\" data-height-tab-portrait=\"\" data-height-mobile-landscape=\"\" style=\"clear:both;display:block;\"><\/div>[\/vc_column][\/vc_row][vc_row][vc_column width=&#8220;1\/3&#8243;]<div id=\"ultimate-heading-682069eb940a1fea1\" class=\"uvc-heading ult-adjust-bottom-margin ultimate-heading-682069eb940a1fea1 uvc-7708  uvc-heading-default-font-sizes\" data-hspacer=\"no_spacer\"  data-halign=\"center\" style=\"text-align:center\"><div class=\"uvc-heading-spacer no_spacer\" style=\"top\"><\/div><div class=\"uvc-main-heading ult-responsive\"  data-ultimate-target='.uvc-heading.ultimate-heading-682069eb940a1fea1 h2'  data-responsive-json-new='{\"font-size\":\"\",\"line-height\":\"\"}' ><h2 style=\"font-weight:bold;\">Montage<\/h2><\/div><\/div><div class=\"ult-spacer spacer-69eb940a1feb4\" data-id=\"69eb940a1feb4\" data-height=\"20\" data-height-mobile=\"10\" data-height-tab=\"10\" data-height-tab-portrait=\"10\" data-height-mobile-landscape=\"0\" style=\"clear:both;display:block;\"><\/div>[vc_column_text]<\/p>\n<p style=\"text-align: center;\">Unsere Montage-Schreiner verf\u00fcgen \u00fcber langj\u00e4hrige Erfahrung. Strom- und Wasseranschl\u00fcsse d\u00fcrfen direkt von uns ausgef\u00fchrt werden. Die fachgerechte Entsorgung von Verpackungen und Altger\u00e4ten ist selbstverst\u00e4ndlich.<\/p>\n<p>&nbsp;[\/vc_column_text][\/vc_column][vc_column width=&#8220;1\/3&#8243;]<div id=\"ultimate-heading-409969eb940a1fec4\" class=\"uvc-heading ult-adjust-bottom-margin ultimate-heading-409969eb940a1fec4 uvc-2261  uvc-heading-default-font-sizes\" data-hspacer=\"no_spacer\"  data-halign=\"center\" style=\"text-align:center\"><div class=\"uvc-heading-spacer no_spacer\" style=\"top\"><\/div><div class=\"uvc-main-heading ult-responsive\"  data-ultimate-target='.uvc-heading.ultimate-heading-409969eb940a1fec4 h2'  data-responsive-json-new='{\"font-size\":\"\",\"line-height\":\"\"}' ><h2 style=\"font-weight:bold;\">Kundendienst<\/h2><\/div><\/div><div class=\"ult-spacer spacer-69eb940a1fed7\" data-id=\"69eb940a1fed7\" data-height=\"20\" data-height-mobile=\"10\" data-height-tab=\"10\" data-height-tab-portrait=\"10\" data-height-mobile-landscape=\"0\" style=\"clear:both;display:block;\"><\/div>[vc_column_text]<\/p>\n<p style=\"text-align: center;\">Der K\u00fcchen-Service-Check: Kurz nachdem Sie Ihre K\u00fcche bekommen haben, schauen wir bei Bedarf vorbei und justieren nochmal alle Fronten. F\u00fcr Ihre Anliegen, die sich erst im Alltag zeigen, haben wir immer ein offenes Ohr.<\/p>\n<p>[\/vc_column_text][\/vc_column][vc_column width=&#8220;1\/3&#8243;]<div id=\"ultimate-heading-749269eb940a1fee7\" class=\"uvc-heading ult-adjust-bottom-margin ultimate-heading-749269eb940a1fee7 uvc-4896  uvc-heading-default-font-sizes\" data-hspacer=\"no_spacer\"  data-halign=\"center\" style=\"text-align:center\"><div class=\"uvc-heading-spacer no_spacer\" style=\"top\"><\/div><div class=\"uvc-main-heading ult-responsive\"  data-ultimate-target='.uvc-heading.ultimate-heading-749269eb940a1fee7 h2'  data-responsive-json-new='{\"font-size\":\"\",\"line-height\":\"\"}' ><h2 style=\"font-weight:bold;\">Garantie<\/h2><\/div><\/div><div class=\"ult-spacer spacer-69eb940a1fefa\" data-id=\"69eb940a1fefa\" data-height=\"20\" data-height-mobile=\"10\" data-height-tab=\"10\" data-height-tab-portrait=\"10\" data-height-mobile-landscape=\"0\" style=\"clear:both;display:block;\"><\/div>[vc_column_text]<\/p>\n<p style=\"text-align: center;\">Wir statten alle unsere K\u00fcchen und darin verbauten Ger\u00e4te mit einer 5-Jahres-Garantie aus.<\/p>\n<p>[\/vc_column_text][\/vc_column][\/vc_row][vc_row][vc_column][vc_column_text]<\/p>\n<p style=\"text-align: center;\"><em>M\u00f6bel Spanrad ist Ihr K\u00fcchenstudio in Rosenheim und Umgebung mit dem Rundum-Sorglos-Paket.<\/em><\/p>\n<p>[\/vc_column_text][\/vc_column][\/vc_row][vc_row][vc_column]<div class=\"ult-spacer spacer-69eb940a1ff03\" data-id=\"69eb940a1ff03\" data-height=\"20\" data-height-mobile=\"20\" data-height-tab=\"20\" data-height-tab-portrait=\"\" data-height-mobile-landscape=\"\" style=\"clear:both;display:block;\"><\/div>[\/vc_column][\/vc_row][vc_row][vc_column width=&#8220;1\/2&#8243; alignment=&#8220;center&#8220;]<style type=\"text\/css\" data-type=\"the7_shortcodes-inline-css\">#default-btn-e0174df10425a136457c52b9eae83a86.ico-right-side > i {\n  margin-right: 0px;\n  margin-left: 8px;\n}\n#default-btn-e0174df10425a136457c52b9eae83a86 > i {\n  margin-right: 8px;\n}\n<\/style><a href=\"https:\/\/www.moebel-spanrad.de\/planung\/\" class=\"default-btn-shortcode dt-btn dt-btn-l link-hover-off btn-inline-left \" id=\"default-btn-e0174df10425a136457c52b9eae83a86\" title=\"Planung\"><span>K\u00fcchenplanung<\/span><\/a><div class=\"ult-spacer spacer-69eb940a1ff99\" data-id=\"69eb940a1ff99\" data-height=\"30\" data-height-mobile=\"30\" data-height-tab=\"30\" data-height-tab-portrait=\"\" data-height-mobile-landscape=\"\" style=\"clear:both;display:block;\"><\/div>[\/vc_column][vc_column width=&#8220;1\/2&#8243; alignment=&#8220;center&#8220;]<style type=\"text\/css\" data-type=\"the7_shortcodes-inline-css\">#default-btn-a686a32b0550c5617f71dd81c1ee8fe7.ico-right-side > i {\n  margin-right: 0px;\n  margin-left: 8px;\n}\n#default-btn-a686a32b0550c5617f71dd81c1ee8fe7 > i {\n  margin-right: 8px;\n}\n<\/style><a href=\"https:\/\/www.moebel-spanrad.de\/objekteinrichtung\/\" class=\"default-btn-shortcode dt-btn dt-btn-l link-hover-off btn-inline-left \" id=\"default-btn-a686a32b0550c5617f71dd81c1ee8fe7\" title=\"Objekteinrichtung\"><span>Objekteinrichtung<\/span><\/a><div class=\"ult-spacer spacer-69eb940a1ffea\" data-id=\"69eb940a1ffea\" data-height=\"30\" data-height-mobile=\"30\" data-height-tab=\"30\" data-height-tab-portrait=\"\" data-height-mobile-landscape=\"\" style=\"clear:both;display:block;\"><\/div>[\/vc_column][\/vc_row]<\/p>\n<\/div>","protected":false},"excerpt":{"rendered":"<p>[vc_row][vc_column][vc_column_text] Service schreiben wir GROSS! Planung, Baubetreuung, Ma\u00dfanfertigung, Montage, Kundendienst und Garantie sind f\u00fcr uns keine Fremdworte. [\/vc_column_text][\/vc_column][\/vc_row][vc_row][vc_column width=&#8220;1\/3&#8243;][vc_column_text] Wir haben die Planung bei uns im Studio konkretisiert &#8211; dann<\/p>\n","protected":false},"author":2,"featured_media":0,"parent":0,"menu_order":0,"comment_status":"closed","ping_status":"closed","template":"","meta":{"ngg_post_thumbnail":0,"footnotes":""},"class_list":["post-6587","page","type-page","status-publish","hentry","description-off"],"publishpress_future_action":{"enabled":false,"date":"2026-05-01 18:02:18","action":"change-status","newStatus":"draft","terms":[],"taxonomy":""},"_links":{"self":[{"href":"https:\/\/www.moebel-spanrad.de\/staging\/wp-json\/wp\/v2\/pages\/6587"}],"collection":[{"href":"https:\/\/www.moebel-spanrad.de\/staging\/wp-json\/wp\/v2\/pages"}],"about":[{"href":"https:\/\/www.moebel-spanrad.de\/staging\/wp-json\/wp\/v2\/types\/page"}],"author":[{"embeddable":true,"href":"https:\/\/www.moebel-spanrad.de\/staging\/wp-json\/wp\/v2\/users\/2"}],"replies":[{"embeddable":true,"href":"https:\/\/www.moebel-spanrad.de\/staging\/wp-json\/wp\/v2\/comments?post=6587"}],"version-history":[{"count":0,"href":"https:\/\/www.moebel-spanrad.de\/staging\/wp-json\/wp\/v2\/pages\/6587\/revisions"}],"wp:attachment":[{"href":"https:\/\/www.moebel-spanrad.de\/staging\/wp-json\/wp\/v2\/media?parent=6587"}],"curies":[{"name":"wp","href":"https:\/\/api.w.org\/{rel}","templated":true}]}}