{"id":6659,"date":"2019-06-13T09:48:57","date_gmt":"2019-06-13T08:48:57","guid":{"rendered":"https:\/\/www.moebel-spanrad.de\/?page_id=6659"},"modified":"2022-04-20T12:52:42","modified_gmt":"2022-04-20T10:52:42","slug":"landhauskueche","status":"publish","type":"page","link":"https:\/\/www.moebel-spanrad.de\/staging\/kueche\/landhauskueche\/","title":{"rendered":"Landhausk\u00fcche"},"content":{"rendered":"<div class=\"wpb-content-wrapper\"><p>[vc_row][vc_column width=&#8220;2\/3&#8243;][vc_column_text]<\/p>\n<h1>Die Landhausk\u00fcche \u2013 Gem\u00fctlichkeit in ihrer reinsten Form<\/h1>\n<p>Kaum etwas strahlt mehr Geborgenheit aus als eine K\u00fcche im Landhausstil. Was fr\u00fcher oft noch recht sperrig und d\u00fcster daherkam, ist dabei l\u00e4ngst warmen Farben und verspielten Details gewichen. Landhausk\u00fcchen sind \u00e4u\u00dferst wandelbar und lassen sich darum leicht an den eigenen Stil anpassen.<\/p>\n<h2><strong>Die mediterrane Landhausk\u00fcche<\/strong><\/h2>\n<p>Typisch f\u00fcr die mediterrane K\u00fcche sind ihre warmen und sanften Pastellfarben. Um sich Sonne und Urlaubsstimmung erfolgreich nach Hause zu holen, sollten Sie aber darauf achten, W\u00e4nde, Spritzschutz und B\u00f6den farblich und stilistisch auf die K\u00fcche abzustimmen. Mauerwerk, Stein oder Fliesen eignen sich dabei am besten: Die Materialien sollten m\u00f6glichst ungehobelt und naturbelassen wirken.<\/p>\n<p>Fein gerundete Kanten und nat\u00fcrliche Materialien sind eine Wohltat f\u00fcr Hand und Auge. H\u00f6lzerne Rahmen- oder Kassettenfronten und <a href=\"https:\/\/www.einrichtungsland.de\/spuele-armatur\/armatur?p=2\" rel=\"nofollow noopener\" target=\"_blank\">Keramiksp\u00fclen<\/a> runden das mediterrane Flair ab. Tipp: Als sch\u00f6ne Details k\u00f6nnen Sie zudem Flechtgriffe oder sch\u00f6n gearbeitete Kn\u00f6pfe w\u00e4hlen.<\/p>\n<h2><strong>Die englische Landhausk\u00fcche<\/strong><\/h2>\n<p>Sie w\u00fcnschen sich eine K\u00fcche wie im Cottage?<\/p>\n<p>Das Innere der Schr\u00e4nke aus Tischlerplatten, T\u00fcren und Schubladen aus Massivholz &#8211; man vermag sich den Teewagen mit Scones und einem erlesenen Earl Grey darauf direkt vorzustellen! Gl\u00e4nzendes Wei\u00df mit antik anmutenden Messing- und Goldelementen, gro\u00dfz\u00fcgige Schr\u00e4nke mit Querstreben, Glasscheiben und Stoffdekor sowie offene Regale machen das Bild der englischen Landhausk\u00fcche dann schlie\u00dflich perfekt.<\/p>\n<p>Wichtig ist f\u00fcr die typische Cottage-K\u00fcche vor allem viel Stauraum in Form von Schr\u00e4nken, einer Anrichte und diverser Schubladen.<\/p>\n<p>Dazu passen ger\u00e4umige Arbeitsplatten aus Carrara-Marmor oder kleinen Steinfliesen. Das Herzst\u00fcck dieser K\u00fcchen bildet typischerweise ein massiver gusseiserner Herd.<\/p>\n<p>Doch Sie k\u00f6nnen den britischen Stil auch m\u00fchelos in Ihr Zuhause integrieren, ohne solch schweren Gesch\u00fctze aufzufahren. Einen Hauch vereinigtes K\u00f6nigreich erhalten Sie bereits, wenn Sie sich f\u00fcr profilierte Fronten und aufgesetzte Rahmen entscheiden. Entdecken Sie <a href=\"https:\/\/www.houzz.de\/magazin\/10-must-haves-fuer-eine-kueche-im-englischen-landhausstil-stsetivw-vs~48230963\" rel=\"nofollow noopener\" target=\"_blank\">hier<\/a> weitere Ideen, um englischen Flair in Ihr Haus wehen zu lassen, ohne zuvor ein Cottage in Cornwall pl\u00fcndern zu m\u00fcssen!<\/p>\n<h2><strong>Die skandinavische Landhaus K\u00fcche <\/strong><\/h2>\n<p>Die skandinavische Landhausk\u00fcche besticht durch Licht, Holz und klare Formen. Vor allem jedoch durch reduziertes Design! Skandinavische Landhausk\u00fcchen leben von ihrer schlichten Eleganz, dem geradlinigen Design und der praktischen Funktionalit\u00e4t.<\/p>\n<p>Typisch f\u00fcr Skandinavien ist die Liebe zur Natur. Entsprechend finden sich in Landhausk\u00fcchen im skandinavischen Stil vermehrt solide Naturmaterialien wie Stein, Vollholz oder Granit.<\/p>\n<h2><strong>Ist mein Raum zu klein f\u00fcr eine Landhausk\u00fcche?<\/strong><\/h2>\n<p>Am besten entfalten Landhausk\u00fcchen ihre Wirkung ganz ohne Frage in gro\u00dfen, hellen R\u00e4umen. Doch nicht verzagen: Landhausk\u00fcchen k\u00f6nnen auch in kleinen R\u00e4umen sch\u00f6n umgesetzt werden. Achten Sie hier jedoch unbedingt auf helle Farben wie Wei\u00df oder Creme, um dem Raum die Enge zu nehmen!<\/p>\n<p>Auch die in Landhausk\u00fcchen beliebten verspielten und verschn\u00f6rkelten Elemente k\u00f6nnen hier schnell zu viel des Guten sein. In kleinen R\u00e4umen ist Minimalismus immer Trumpf. Um dem Raum eine pers\u00f6nliche Note zu verleihen, sollten Sie hier daher lieber mit kontrastreichen Akzenten und schlichter Dekoration arbeiten.<\/p>\n<h2><strong>Landhausk\u00fcche und Technik <\/strong><\/h2>\n<p>Eine traditionelle Optik bedeutet nicht, dass sie auf technische Ger\u00e4te auf dem neuesten Stand der Technik verzichten m\u00fcssen. Der Einsatz hochklassiger Elektroger\u00e4te bedeutet nicht unbedingt einen Stilbruch! Sie m\u00fcssen nicht auf <a href=\"https:\/\/www.einrichtungsland.de\/geschirrspueler-spuelmaschienen-zubehoer?p=1\" rel=\"nofollow noopener\" target=\"_blank\">Geschirrsp\u00fcler<\/a>, <a href=\"https:\/\/www.einrichtungsland.de\/dunstabzug?p=2\" rel=\"nofollow noopener\" target=\"_blank\">Dunstabzug<\/a>, <a href=\"https:\/\/www.einrichtungsland.de\/kuehlen-und-gefrieren\/kuehlschrank\" rel=\"nofollow noopener\" target=\"_blank\">Gefrierschrank<\/a> oder <a href=\"https:\/\/www.einrichtungsland.de\/kochen\" rel=\"nofollow noopener\" target=\"_blank\">Mikrowelle<\/a> verzichten, um eine gem\u00fctliche K\u00fcche im Landhausstil zu besitzen. Hier ist allerdings etwas Geschick bei Planung und Umsetzung gefragt.<\/p>\n<p>Sollten Sie Beratung oder Unterst\u00fctzung bei der Entwicklung Ihrer Wunschk\u00fcche ben\u00f6tigen, sind wir gerne f\u00fcr Sie da. Wir verf\u00fcgen \u00fcber eine gro\u00dfe Auswahl an <a href=\"https:\/\/www.einrichtungsland.de\/hersteller-uebersicht\" rel=\"nofollow noopener\" target=\"_blank\">Marken<\/a>-Shops und bieten obendrein das passende <a href=\"https:\/\/www.einrichtungsland.de\/kuechenzubehoer\" rel=\"nofollow noopener\" target=\"_blank\">Zubeh\u00f6r<\/a> f\u00fcr die Installation Ihrer K\u00fcche. Auf Wunsch veranlassen wir auch den Aufbau der K\u00fcche in Ihrem Zuhause !<\/p>\n<p>&nbsp;<\/p>\n<p>&nbsp;[\/vc_column_text][\/vc_column][vc_column width=&#8220;1\/3&#8243;][vc_media_grid element_width=&#8220;12&#8243; item=&#8220;mediaGrid_FadeInWithIcon&#8220; grid_id=&#8220;vc_gid:1650451749114-2fdd7111-3707-6&#8243; include=&#8220;6672,6671,6674,6673&#8243;][\/vc_column][\/vc_row]<\/p>\n<\/div>","protected":false},"excerpt":{"rendered":"<p>[vc_row][vc_column width=&#8220;2\/3&#8243;][vc_column_text] Die Landhausk\u00fcche \u2013 Gem\u00fctlichkeit in ihrer reinsten Form Kaum etwas strahlt mehr Geborgenheit aus als eine K\u00fcche im Landhausstil. Was fr\u00fcher oft noch recht sperrig und d\u00fcster daherkam,<\/p>\n","protected":false},"author":2,"featured_media":0,"parent":4188,"menu_order":0,"comment_status":"closed","ping_status":"closed","template":"","meta":{"ngg_post_thumbnail":0,"footnotes":""},"class_list":["post-6659","page","type-page","status-publish","hentry","description-off"],"publishpress_future_action":{"enabled":false,"date":"2026-05-01 18:16:01","action":"change-status","newStatus":"draft","terms":[],"taxonomy":""},"_links":{"self":[{"href":"https:\/\/www.moebel-spanrad.de\/staging\/wp-json\/wp\/v2\/pages\/6659"}],"collection":[{"href":"https:\/\/www.moebel-spanrad.de\/staging\/wp-json\/wp\/v2\/pages"}],"about":[{"href":"https:\/\/www.moebel-spanrad.de\/staging\/wp-json\/wp\/v2\/types\/page"}],"author":[{"embeddable":true,"href":"https:\/\/www.moebel-spanrad.de\/staging\/wp-json\/wp\/v2\/users\/2"}],"replies":[{"embeddable":true,"href":"https:\/\/www.moebel-spanrad.de\/staging\/wp-json\/wp\/v2\/comments?post=6659"}],"version-history":[{"count":1,"href":"https:\/\/www.moebel-spanrad.de\/staging\/wp-json\/wp\/v2\/pages\/6659\/revisions"}],"predecessor-version":[{"id":9036,"href":"https:\/\/www.moebel-spanrad.de\/staging\/wp-json\/wp\/v2\/pages\/6659\/revisions\/9036"}],"up":[{"embeddable":true,"href":"https:\/\/www.moebel-spanrad.de\/staging\/wp-json\/wp\/v2\/pages\/4188"}],"wp:attachment":[{"href":"https:\/\/www.moebel-spanrad.de\/staging\/wp-json\/wp\/v2\/media?parent=6659"}],"curies":[{"name":"wp","href":"https:\/\/api.w.org\/{rel}","templated":true}]}}