{"id":6661,"date":"2019-06-13T09:49:16","date_gmt":"2019-06-13T08:49:16","guid":{"rendered":"https:\/\/www.moebel-spanrad.de\/?page_id=6661"},"modified":"2022-04-20T12:54:56","modified_gmt":"2022-04-20T10:54:56","slug":"moderne-kueche","status":"publish","type":"page","link":"https:\/\/www.moebel-spanrad.de\/staging\/kueche\/moderne-kueche\/","title":{"rendered":"Moderne K\u00fcche"},"content":{"rendered":"<div class=\"wpb-content-wrapper\"><p>[vc_row][vc_column width=&#8220;2\/3&#8243;][vc_column_text]<\/p>\n<h1>Die moderne K\u00fcche &#8211; Technik trifft auf Individualit\u00e4t<\/h1>\n<p>Moderne K\u00fcchen erm\u00f6glichen besonders individuelle Designs. Die Wahl der Materialien darf dabei ruhig ungew\u00f6hnlich ausfallen, ihr pers\u00f6nlicher Geschmack ist gefragt!<\/p>\n<p>Typischerweise zeigen moderne K\u00fcchen klare Linien und Formen, durch einen Materialmix wirkt die K\u00fcche aber dennoch nicht zu k\u00fchl. Das Zusammenspiel hochwertiger Materialien verleiht der K\u00fcche obendrein Charakter und Pers\u00f6nlichkeit.<\/p>\n<p>Glas neben Holz, Stahl auf Stein &#8211; alles ist m\u00f6glich! Die individuelle Zusammenstellung ergibt zudem einen v\u00f6llig neuen Look, der Ihre K\u00fcche einzigartig macht.<\/p>\n<h2><strong>Die Funktionen einer modernen K\u00fcche<\/strong><\/h2>\n<p>Eine moderne K\u00fcche sollte sich vor allem durch topmoderne Ger\u00e4te auszeichnen. Technische Raffinesse bildet im Zusammenspiel mit zeitgem\u00e4\u00dfer Optik eine aufregende Einheit.<\/p>\n<p>Geschickt platzierte indirekte Beleuchtung setzt die Einrichtung wirkungsvoll in Szene und schafft dabei eine angenehme Atmosph\u00e4re. H\u00f6henverstellbare <a href=\"https:\/\/www.einrichtungsland.de\/dunstabzug\" rel=\"nofollow noopener\" target=\"_blank\">Dunstabzugshauben<\/a> dienen zus\u00e4tzlich als Arbeitsbeleuchtung und spannendes Designelement.<\/p>\n<p>Effiziente Ger\u00e4te und eine inspirierende Umgebung machen das Kochen zu einem ganz besonderen Erlebnis.<\/p>\n<h2><strong>Innovative Ger\u00e4te f\u00fcr eine moderne K\u00fcche<\/strong><\/h2>\n<p>Die neuen Modelle der <a href=\"https:\/\/www.einrichtungsland.de\/geschirrspueler-spuelmaschienen-zubehoer\" rel=\"nofollow noopener\" target=\"_blank\">Geschirrsp\u00fcler<\/a>, <a href=\"https:\/\/www.einrichtungsland.de\/kochen\/dampfgarer\" rel=\"nofollow noopener\" target=\"_blank\">Dampfgarer <\/a>oder <a href=\"https:\/\/www.einrichtungsland.de\/kochen\/mikrowelle\" rel=\"nofollow noopener\" target=\"_blank\">Mikrowellen <\/a>sind heute mit praktischen Features versehen, die Komfort und einfache Bedienung vereinen. Sie besitzen eine beachtliche Energieeffizienz und befinden sich auf dem neuesten Stand der Technik. So sparen Sie Kosten, Zeit und zudem noch Nerven!<\/p>\n<p>Auf diese Weise wird die K\u00fcchenarbeit zum Vergn\u00fcgen und Sie steigern zudem deutlich Ihre Lebensqualit\u00e4t.<\/p>\n<h2><strong>Wie eine moderne K\u00fcche Ihre Pers\u00f6nlichkeit wiederspiegeln kann<\/strong><\/h2>\n<p>Bekennen Sie Farbe! W\u00e4hlen Sie die Farben und Designs, die am besten zu Ihnen passen. Welche Materialien sagen Ihnen zu? Das Endergebnis ist eine individuell auf Sie zugeschnittene K\u00fcche genau nach Ihrem Geschmack.<\/p>\n<p>St\u00f6bern Sie doch einmal in unseren <a href=\"https:\/\/www.einrichtungsland.de\/hersteller-uebersicht\" rel=\"nofollow noopener\" target=\"_blank\">Marken<\/a>-Shops. Die gro\u00dfe Vielfalt unseres Sortiments h\u00e4lt garantiert auch f\u00fcr Sie das Richtige bereit.<\/p>\n<p>Tipp: Entdecken Sie auch unsere<a href=\"https:\/\/www.einrichtungsland.de\/sonderposten\" rel=\"nofollow noopener\" target=\"_blank\"> reduzierten Sonderposten<\/a>. Lassen Sie sich kein Schn\u00e4ppchen entgehen!<\/p>\n<h2><strong>Moderne K\u00fcchen sind pflegeleicht<\/strong><\/h2>\n<p>Behalten Sie bei der Auswahl von Oberfl\u00e4chen immer im Hinterkopf, dass nicht jedes Material gleich robust ist. Glas ist beispielsweise weniger pflegeleicht als Kunststoff, wenn es auch meist edler aussieht.<\/p>\n<p>Machen Sie sich mit den Alternativen vertraut, bevor Sie eine Entscheidung treffen. Bleiben Sie offen f\u00fcr Neues, wenn Sie Ihre Traumk\u00fcche entwerfen.<\/p>\n<p>Bei der Planung der Einrichtung sollten Sie den Aspekt der m\u00fchelosen Reinigung nicht aus den Augen verlieren. Schwer zug\u00e4ngliche Ecken und empfindliche Fl\u00e4chen erschweren Ihnen die Reinigung unn\u00f6tig.<\/p>\n<p>Heutige K\u00fcchenger\u00e4te verf\u00fcgen \u00fcbrigens in der Regel \u00fcber n\u00fctzliche Funktionen zur Selbstreinigung. <a href=\"https:\/\/www.einrichtungsland.de\/kochen\/backofen\" rel=\"nofollow noopener\" target=\"_blank\">Back\u00f6fen <\/a>mit Pyrolyse zum Beispiel erleichtern Ihnen die Reinigung ebenso wie <a href=\"https:\/\/www.einrichtungsland.de\/kuehlen-und-gefrieren\" rel=\"nofollow noopener\" target=\"_blank\">K\u00fchlschr\u00e4nke <\/a>mit Easy Clean-Funktion.<\/p>\n<h2><strong>Planbare Arbeitserleichterung<\/strong><\/h2>\n<p>Neben einer einzigartigen Optik und hoher Qualit\u00e4t sollte bei einer modernen K\u00fcche auch die Effizienz eine wichtige Rolle spielen. Die sch\u00f6nste K\u00fcche macht keine Freude, wenn sie ungeschickt eingerichtet und umst\u00e4ndlich zu benutzen ist.<\/p>\n<p>Planen Sie darum Ihre K\u00fcche so, dass Ihre Arbeitsschritte perfekt aufeinander abgestimmt sind und Sie Zeit und Bewegungen sparen. Ein Backofen mindestens in H\u00fcfth\u00f6he schont beispielsweise Ihren R\u00fccken, T\u00f6pfe und Pfannen sollten nicht zu weit vom Herd entfernt verstaut werden.<\/p>\n<p>Sollten Sie Beratung ben\u00f6tigen, unterst\u00fctzen wir Sie gern bei der Planung Ihrer neuen K\u00fcche. Unser Expertenteam verf\u00fcgt \u00fcber jahrelange Erfahrung und umfangreiche Kenntnisse im Bereich der K\u00fccheneinrichtung.<\/p>\n<p>Auch den Aufbau \u00fcbernehmen wir auf Wunsch f\u00fcr Sie. Lehnen Sie sich zur\u00fcck und lassen Sie Ihre K\u00fcchentr\u00e4ume wahr werden !<\/p>\n<p>&nbsp;[\/vc_column_text][\/vc_column][vc_column width=&#8220;1\/3&#8243;][vc_media_grid element_width=&#8220;12&#8243; item=&#8220;mediaGrid_FadeInWithIcon&#8220; grid_id=&#8220;vc_gid:1650452041249-67ed644e-a03d-9&#8243; include=&#8220;6677,6676,6675,6666&#8243;][\/vc_column][\/vc_row]<\/p>\n<\/div>","protected":false},"excerpt":{"rendered":"<p>[vc_row][vc_column width=&#8220;2\/3&#8243;][vc_column_text] Die moderne K\u00fcche &#8211; Technik trifft auf Individualit\u00e4t Moderne K\u00fcchen erm\u00f6glichen besonders individuelle Designs. Die Wahl der Materialien darf dabei ruhig ungew\u00f6hnlich ausfallen, ihr pers\u00f6nlicher Geschmack ist gefragt!<\/p>\n","protected":false},"author":2,"featured_media":0,"parent":4188,"menu_order":0,"comment_status":"closed","ping_status":"closed","template":"","meta":{"ngg_post_thumbnail":0,"footnotes":""},"class_list":["post-6661","page","type-page","status-publish","hentry","description-off"],"publishpress_future_action":{"enabled":false,"date":"2026-05-01 18:17:16","action":"change-status","newStatus":"draft","terms":[],"taxonomy":""},"_links":{"self":[{"href":"https:\/\/www.moebel-spanrad.de\/staging\/wp-json\/wp\/v2\/pages\/6661"}],"collection":[{"href":"https:\/\/www.moebel-spanrad.de\/staging\/wp-json\/wp\/v2\/pages"}],"about":[{"href":"https:\/\/www.moebel-spanrad.de\/staging\/wp-json\/wp\/v2\/types\/page"}],"author":[{"embeddable":true,"href":"https:\/\/www.moebel-spanrad.de\/staging\/wp-json\/wp\/v2\/users\/2"}],"replies":[{"embeddable":true,"href":"https:\/\/www.moebel-spanrad.de\/staging\/wp-json\/wp\/v2\/comments?post=6661"}],"version-history":[{"count":0,"href":"https:\/\/www.moebel-spanrad.de\/staging\/wp-json\/wp\/v2\/pages\/6661\/revisions"}],"up":[{"embeddable":true,"href":"https:\/\/www.moebel-spanrad.de\/staging\/wp-json\/wp\/v2\/pages\/4188"}],"wp:attachment":[{"href":"https:\/\/www.moebel-spanrad.de\/staging\/wp-json\/wp\/v2\/media?parent=6661"}],"curies":[{"name":"wp","href":"https:\/\/api.w.org\/{rel}","templated":true}]}}