{"id":6663,"date":"2019-06-13T09:49:34","date_gmt":"2019-06-13T08:49:34","guid":{"rendered":"https:\/\/www.moebel-spanrad.de\/?page_id=6663"},"modified":"2022-04-20T12:48:14","modified_gmt":"2022-04-20T10:48:14","slug":"klassische-kueche","status":"publish","type":"page","link":"https:\/\/www.moebel-spanrad.de\/staging\/kueche\/klassische-kueche\/","title":{"rendered":"Klassische K\u00fcche"},"content":{"rendered":"<div class=\"wpb-content-wrapper\"><p>[vc_row][vc_column width=&#8220;2\/3&#8243;][vc_column_text]Die klassische K\u00fcche \u2013 altbew\u00e4hrt und hochmodern<\/p>\n<p>Die klassische K\u00fcche besticht durch zeitlosen Charakter und schlichte Eleganz. Sie unterwirft sich keinen Trends, sondern pr\u00e4sentiert sich vielmehr geradlinig. Und bleibt gerade dadurch immer aktuell !<\/p>\n<h2>Nat\u00fcrliche Materialien f\u00fcr ein harmonisches Erscheinungsbild<\/h2>\n<p>Traditionelle Materialien, nat\u00fcrliche Farben und harmonische Formen kommen nie aus der Mode und bleiben dabei immer gef\u00e4llig und dezent.<\/p>\n<p>Holz ist ein beliebtes und bew\u00e4hrtes Material f\u00fcr die Schrankfronten. Es kann glatt oder ganz leicht strukturiert sein und eine matte oder gl\u00e4nzende Optik haben.<\/p>\n<p>Zur\u00fcckhaltende Optik und gedeckte Farben bewirken eine gewisse Anpassungsf\u00e4higkeit Ihrer K\u00fcche. Dadurch wird ein angenehmes Ambiente geschaffen. Ein harmonischer Materialmix verbreitet dabei einen ganz besonderen Charme!<\/p>\n<p>Qualitativ hochwertige Fronten erh\u00f6hen die Langlebigkeit Ihrer Schr\u00e4nke. Durchdachte L\u00f6sungen f\u00fcr mehr Stauraum verst\u00e4rken zudem die Funktionalit\u00e4t. Praktische Ausstattungsvarianten erf\u00fcllen schlie\u00dflich h\u00f6chste Anspr\u00fcche an die K\u00fcche.<\/p>\n<h1>Die richtigen Ger\u00e4te f\u00fcr Ihre klassische K\u00fcche<\/h1>\n<p>Lassen Sie sich vom schlichten Stil nicht t\u00e4uschen! Auch in klassischen K\u00fcchen ist neben Backofen und K\u00fchlschrank durchaus Platz f\u00fcr Annehmlichkeiten. Auf einen extra leisen <a href=\"https:\/\/www.einrichtungsland.de\/geschirrspueler-spuelmaschienen-zubehoer?p=1\" rel=\"nofollow noopener\" target=\"_blank\">Geschirrsp\u00fcler<\/a>, einen sparsamen <a href=\"https:\/\/www.einrichtungsland.de\/kuehlen-und-gefrieren\/kuehlschrank\" rel=\"nofollow noopener\" target=\"_blank\">Gefrierschrank<\/a> oder einen topmodernen <a href=\"https:\/\/www.einrichtungsland.de\/kochen\/dampfgarer\" rel=\"nofollow noopener\" target=\"_blank\">Dampfgarer<\/a> sollten Sie schlie\u00dflich nicht verzichten m\u00fcssen. Die neuen Ger\u00e4te verbinden dabei heute Energieeffizienz und technische Finesse. Eine ideale Erg\u00e4nzung f\u00fcr jede K\u00fcche!<\/p>\n<p>Entscheiden Sie sich dazu noch f\u00fcr einen <a href=\"https:\/\/www.einrichtungsland.de\/dunstabzug?p=2\" rel=\"nofollow noopener\" target=\"_blank\">Dunstabzug<\/a>, der optimal zum Stil Ihrer klassischen K\u00fcche passt. Denn er sorgt daf\u00fcr, dass die Luft stets rein ist, wenn Sie mit Ihren Lieben gemeinsam <a href=\"https:\/\/www.einrichtungsland.de\/kochen\" rel=\"nofollow noopener\" target=\"_blank\">kochen<\/a>, essen und gem\u00fctlich zusammensitzen!<\/p>\n<h2>Schlichte Form erm\u00f6glicht sch\u00f6ne Details<\/h2>\n<p>Je dezenter und schlichter die K\u00fcche daherkommt, desto mehr fallen die liebevollen Details ins Auge. Eine klassische Arbeitsplatte aus Stein oder Granit etwa l\u00e4sst sich optisch noch aufwerten, wenn Sie sich f\u00fcr <a href=\"https:\/\/www.einrichtungsland.de\/spuele-armatur\/armatur?p=2\" rel=\"nofollow noopener\" target=\"_blank\">Sp\u00fcle und Armaturen<\/a> aus hochwertigen Materialien entscheiden. Auch besondere Griffe oder eine wirkungsvolle Beleuchtung k\u00f6nnen einer klassischen K\u00fcche das gewisse Etwas verleihen. Edles und schlichtes Design gepaart mit einzigartigen Accessoires \u2013 so sieht eine Traumk\u00fcche aus!<\/p>\n<h2>Klassische K\u00fcche mit modernem Touch<\/h2>\n<p>Die zur\u00fcckhaltende Gestaltung der klassischen K\u00fcche erlaubt frische Akzente, die das Ambiente auflockern. Hingucker wie originelle Accessoires, ein farbiges Regal oder kr\u00e4ftige Bilder sorgen f\u00fcr Abwechslung. Sie lassen sich aber dennoch m\u00fchelos ersetzen, wenn Sie sich daran sattgesehen haben.<\/p>\n<p>Gerade die eher zur\u00fcckgenommene Gestaltung l\u00e4sst solche Farbtupfer strahlen. Allein farblich aufeinander abgestimmte Gardinen und Geschirrt\u00fccher k\u00f6nnen sch\u00f6ne Akzente setzen, ohne in die Einrichtung einzugreifen. Kurzum: Klassischer Stil hat nichts mit Langeweile und Tristesse zu tun!<\/p>\n<h2>Klassische K\u00fcche neu entdeckt<\/h2>\n<p>Hersteller und Designer interpretieren den klassischen Stil der K\u00fcche immer wieder neu. Sie verbinden dabei zeitlose Elemente mit aktuellen Trends. Dadurch wirkt die K\u00fcche nie altbacken, sondern bleibt im Gegenteil immer zeitgem\u00e4\u00df. Ein wichtiges Merkmal der klassischen K\u00fcche ist das Element der Harmonie. Materialien und Farben werden passend zueinander gew\u00e4hlt und ergeben dadurch ein stimmiges Bild.<\/p>\n<h2>Die klassische K\u00fcche als Mittelpunkt des Familienlebens<\/h2>\n<p>Die Wohnlichkeit und Eleganz der klassischen K\u00fcche laden zum Verweilen ein. Eine K\u00fccheninsel erm\u00f6glicht dabei w\u00e4hrend des Kochens ein kommunikatives Miteinander.<\/p>\n<p>Wenn die ganze Familie in der K\u00fcche zusammenkommt, sollte die Umgebung Ruhe und Harmonie ausstrahlen!<\/p>\n<p>Gut geschnittene Rauml\u00f6sungen schaffen Platz zum Relaxen und verwandeln die K\u00fcche dadurch schnell in den gemeinsamen Lieblingsplatz.<\/p>\n<p>Ben\u00f6tigen Sie noch Inspiration? Sammeln Sie <a href=\"https:\/\/www.pinterest.de\/search\/pins\/?q=klassische%20k%C3%BCche&amp;rs=typed&amp;term_meta%5b%5d=klassische%7Ctyped&amp;term_meta%5b%5d=k%C3%BCche%7Ctyped\" rel=\"nofollow noopener\" target=\"_blank\">Ideen<\/a> f\u00fcr Ihre klassische K\u00fcche. Wir beraten Sie gern und \u00fcbernehmen im Anschluss die Planung f\u00fcr Sie!<\/p>\n<p>&nbsp;<\/p>\n<p>&nbsp;<\/p>\n<p>&nbsp;<\/p>\n<p>&nbsp;[\/vc_column_text][\/vc_column][vc_column width=&#8220;1\/3&#8243;][vc_media_grid element_width=&#8220;12&#8243; item=&#8220;mediaGrid_FadeInWithIcon&#8220; grid_id=&#8220;vc_gid:1650451623722-19f88feb-c1e0-4&#8243; include=&#8220;6688,6687,6669,6667&#8243;][\/vc_column][\/vc_row]<\/p>\n<\/div>","protected":false},"excerpt":{"rendered":"<p>[vc_row][vc_column width=&#8220;2\/3&#8243;][vc_column_text]Die klassische K\u00fcche \u2013 altbew\u00e4hrt und hochmodern Die klassische K\u00fcche besticht durch zeitlosen Charakter und schlichte Eleganz. Sie unterwirft sich keinen Trends, sondern pr\u00e4sentiert sich vielmehr geradlinig. Und bleibt<\/p>\n","protected":false},"author":2,"featured_media":0,"parent":4188,"menu_order":0,"comment_status":"closed","ping_status":"closed","template":"","meta":{"ngg_post_thumbnail":0,"footnotes":""},"class_list":["post-6663","page","type-page","status-publish","hentry","description-off"],"publishpress_future_action":{"enabled":false,"date":"2026-05-01 18:02:31","action":"change-status","newStatus":"draft","terms":[],"taxonomy":""},"_links":{"self":[{"href":"https:\/\/www.moebel-spanrad.de\/staging\/wp-json\/wp\/v2\/pages\/6663"}],"collection":[{"href":"https:\/\/www.moebel-spanrad.de\/staging\/wp-json\/wp\/v2\/pages"}],"about":[{"href":"https:\/\/www.moebel-spanrad.de\/staging\/wp-json\/wp\/v2\/types\/page"}],"author":[{"embeddable":true,"href":"https:\/\/www.moebel-spanrad.de\/staging\/wp-json\/wp\/v2\/users\/2"}],"replies":[{"embeddable":true,"href":"https:\/\/www.moebel-spanrad.de\/staging\/wp-json\/wp\/v2\/comments?post=6663"}],"version-history":[{"count":0,"href":"https:\/\/www.moebel-spanrad.de\/staging\/wp-json\/wp\/v2\/pages\/6663\/revisions"}],"up":[{"embeddable":true,"href":"https:\/\/www.moebel-spanrad.de\/staging\/wp-json\/wp\/v2\/pages\/4188"}],"wp:attachment":[{"href":"https:\/\/www.moebel-spanrad.de\/staging\/wp-json\/wp\/v2\/media?parent=6663"}],"curies":[{"name":"wp","href":"https:\/\/api.w.org\/{rel}","templated":true}]}}