{"id":8426,"date":"2021-09-30T15:32:49","date_gmt":"2021-09-30T13:32:49","guid":{"rendered":"https:\/\/www.moebel-spanrad.de\/?page_id=8426"},"modified":"2022-04-20T12:01:11","modified_gmt":"2022-04-20T10:01:11","slug":"buerokuechen-rosenheim","status":"publish","type":"page","link":"https:\/\/www.moebel-spanrad.de\/staging\/buerokuechen-rosenheim\/","title":{"rendered":"Ihre B\u00fcrok\u00fcche aus Rosenheim"},"content":{"rendered":"<div class=\"wpb-content-wrapper\"><p>[vc_row][vc_column width=&#8220;2\/3&#8243;][vc_column_text]B\u00fcrok\u00fcchen in Rosenheim sind der Ort im Unternehmen, an dem Kollegen f\u00fcr eine Pause zusammenkommen. Hier entstehen neue Ideen und es wird Energie f\u00fcr den restlichen Arbeitstag getankt. Aber worauf kommt es bei der Planung und Ausstattung einer guten B\u00fcrok\u00fcche an?<\/p>\n<h1><strong>Perfekte B\u00fcrok\u00fcchen aus Rosenheim &#8211; So geht&#8217;s!<br \/>\n<\/strong><\/h1>\n<p>Genauso wie bei der Planung einer Einbauk\u00fcche zuhause, l\u00e4sst sich eine B\u00fcrok\u00fcche individuell gestalten und den Raumgegebenheiten sowie den B\u00fcrobed\u00fcrfnissen anpassen. Neben Gr\u00f6\u00dfe und Optik ist auch eine <strong>optimale Ausstattung<\/strong> wichtig. Das bedeutet in diesem Fall:<\/p>\n<ul>\n<li>Ausreichend Schr\u00e4nke und Platz auf der <a href=\"https:\/\/www.moebel-spanrad.de\/kueche\/geraete-zubehoer\/lechner-arbeitsplatten\/\">Arbeitsfl\u00e4che<\/a><\/li>\n<li><a href=\"https:\/\/www.moebel-spanrad.de\/kuechenfronten-welche-oberflaeche-ist-die-richtige\/\">Belastbare Oberfl\u00e4chen<\/a> und langlebige <a href=\"https:\/\/www.moebel-spanrad.de\/kueche\/geraete-zubehoer\/\"><u>K\u00fcchenger\u00e4te<\/u><\/a><\/li>\n<\/ul>\n<h2><strong>Ausreichend Schr\u00e4nke und Platz auf der Arbeitsfl\u00e4che<\/strong><\/h2>\n<p>Bei der Konzeption einer B\u00fcrok\u00fcche ist es besonders wichtig viel Stauraum einzuplanen. Um Gl\u00e4ser, Tassen und weiteres Geschirr ordentlich zu verstauen, werden <strong>mehrere<\/strong> <strong>ger\u00e4umige und stabile Schr\u00e4nke <\/strong>ben\u00f6tigt. Bei frei herumliegenden Gegenst\u00e4nden wie Tees, S\u00e4ften und Snacks k\u00f6nnen beispielsweise <strong>Ober- und Auszugsschr\u00e4nke<\/strong> Abhilfe schaffen.<\/p>\n<p>Die Arbeitsplatte dient prim\u00e4r als Abstellfl\u00e4che f\u00fcr Ger\u00e4te wie Kaffeemaschine oder Wasserkocher, weshalb sie entsprechend gro\u00df gew\u00e4hlt werden sollte.<\/p>\n<h2><strong>Belastbare Oberfl\u00e4chen und langlebige K\u00fcchenger\u00e4te<\/strong><\/h2>\n<p>Da die B\u00fcrok\u00fcche t\u00e4glich von mehreren Mitarbeitern genutzt wird, sind robuste Materialien und eine pflegeleichte Ausstattung essenziell. Die K\u00fcche soll schlie\u00dflich \u00fcber mehrere Jahre hinweg mit einer ansprechenden und ordentlichen Optik beeindrucken. Edelstahl ist zwar besonders hygienisch, allerdings auch pflegeaufwendig und nicht kratzfest. Fronten aus Schicht- oder Kunststoff w\u00e4ren hier die geeignetere Wahl.&nbsp;<\/p>\n<h2><strong>Die wichtigsten K\u00fcchenger\u00e4te einer B\u00fcrok\u00fcche<\/strong><\/h2>\n<p>Wie in der heimischen Einbauk\u00fcche kommt es auch in der B\u00fcrok\u00fcche auf die Ger\u00e4tetechnik an, die die K\u00fcche erst <strong>praktisch<\/strong> f\u00fcr den B\u00fcroalltag machen.<\/p>\n<p>Besonders wichtig ist eine gro\u00dfe <a href=\"https:\/\/www.einrichtungsland.de\/geschirrspueler-spuelmaschinen-zubehoer\" rel=\"nofollow noopener\" target=\"_blank\"><u>Sp\u00fclmaschine<\/u><\/a>, damit sich keine dreckigen Kaffeetassen oder Wassergl\u00e4ser in der K\u00fcche h\u00e4ufen. Weil der Geschirrsp\u00fcler mindestens einmal t\u00e4glich verwendet wird, ist ein leises Ger\u00e4t zu bevorzugen. L\u00e4stige Maschinenger\u00e4usche sollen die Mitarbeiter nicht von der Arbeit ablenken. Ideal ist au\u00dferdem eine Leuchtanzeige, an der man ganz einfach erkennt, wie lange der Sp\u00fclvorgang noch dauert.<\/p>\n<p>F\u00fcr die Zubereitung von Snacks und kleinen Mahlzeiten sind <a href=\"https:\/\/www.einrichtungsland.de\/kochen\/herd-kochfeld\" rel=\"nofollow noopener\" target=\"_blank\"><u>Kochfeld<\/u><\/a>, <a href=\"https:\/\/www.einrichtungsland.de\/kochen\/backofen\" rel=\"nofollow noopener\" target=\"_blank\"><u>Backofen<\/u><\/a> und <a href=\"https:\/\/www.einrichtungsland.de\/kochen\/mikrowelle\" rel=\"nofollow noopener\" target=\"_blank\"><u>Mikrowelle<\/u><\/a> in einer B\u00fcrok\u00fcche unverzichtbar. Besonders platzsparend sind <a href=\"https:\/\/www.einrichtungsland.de\/kochen\/backofen?p=1&amp;o=1&amp;n=12&amp;f=752\" rel=\"nofollow noopener\" target=\"_blank\"><u>Kombiger\u00e4te<\/u><\/a>, die Mikrowelle und Backofen miteinander vereinen.<\/p>\n<p>Eine B\u00fcrok\u00fcche mit <a href=\"https:\/\/www.einrichtungsland.de\/kochen\/herd-kochfeld\" rel=\"nofollow noopener\" target=\"_blank\"><u>Herd<\/u><\/a> ist zwar ungew\u00f6hnlich, kann aber durchaus sinnvoll sein &#8211; vor allem, wenn sich keine Einkaufsm\u00f6glichkeiten, Restaurants etc. in der N\u00e4he des Arbeitsplatzes befinden. Ideal ist in diesem Fall ein <a href=\"https:\/\/www.einrichtungsland.de\/kochen\/herd-kochfeld?p=1&amp;o=1&amp;n=12&amp;f=477\" rel=\"nofollow noopener\" target=\"_blank\"><u>Induktionskochfeld<\/u><\/a>, welches Sicherheit und Energieeffizienz garantiert. Zus\u00e4tzlich ist eine leistungsstarke und leise <a href=\"https:\/\/www.einrichtungsland.de\/dunstabzug\" rel=\"nofollow noopener\" target=\"_blank\"><u>Dunstabzugshaube<\/u><\/a> denkbar. Sie vermeidet unangenehme Kochd\u00e4mpfe- und Ger\u00fcche in den B\u00fcror\u00e4umen.<\/p>\n<p>Statten Sie ihre B\u00fcrok\u00fcche au\u00dferdem mit einem gro\u00dfen <a href=\"https:\/\/www.einrichtungsland.de\/kuehlen-und-gefrieren\/kuehlschrank\" rel=\"nofollow noopener\" target=\"_blank\"><u>K\u00fchlschrank<\/u><\/a> aus, damit die Lebensmittel aller Kollegen darin untergebracht werden k\u00f6nnen.<\/p>\n<h3>Ihr Partner f\u00fcr B\u00fcrok\u00fcchen im Herzen von Rosenheim<\/h3>\n<p><strong>Sollten Sie eine individuelle Beratung ben\u00f6tigen, wenden Sie sich gerne an uns. Unser Expertenteam aus Rosenheim ber\u00e4t Sie jederzeit im Hinblick auf die unterschiedlichen Kombinationsm\u00f6glichkeiten und Ausstattungsvarianten Ihrer neuen K\u00fcche!<\/strong><\/p>\n<p>&nbsp;<\/p>\n<p>&nbsp;[\/vc_column_text][\/vc_column][vc_column width=&#8220;1\/3&#8243;][vc_media_grid element_width=&#8220;12&#8243; grid_id=&#8220;vc_gid:1650448842816-4f61a039-2da3-8&#8243; include=&#8220;7567,7568&#8243;][\/vc_column][\/vc_row]<\/p>\n<\/div>","protected":false},"excerpt":{"rendered":"<p>[vc_row][vc_column width=&#8220;2\/3&#8243;][vc_column_text]B\u00fcrok\u00fcchen in Rosenheim sind der Ort im Unternehmen, an dem Kollegen f\u00fcr eine Pause zusammenkommen. Hier entstehen neue Ideen und es wird Energie f\u00fcr den restlichen Arbeitstag getankt. Aber<\/p>\n","protected":false},"author":3,"featured_media":0,"parent":0,"menu_order":0,"comment_status":"closed","ping_status":"closed","template":"","meta":{"ngg_post_thumbnail":0,"footnotes":""},"class_list":["post-8426","page","type-page","status-publish","hentry","description-off"],"publishpress_future_action":{"enabled":false,"date":"2026-05-01 18:02:35","action":"change-status","newStatus":"draft","terms":[],"taxonomy":""},"_links":{"self":[{"href":"https:\/\/www.moebel-spanrad.de\/staging\/wp-json\/wp\/v2\/pages\/8426"}],"collection":[{"href":"https:\/\/www.moebel-spanrad.de\/staging\/wp-json\/wp\/v2\/pages"}],"about":[{"href":"https:\/\/www.moebel-spanrad.de\/staging\/wp-json\/wp\/v2\/types\/page"}],"author":[{"embeddable":true,"href":"https:\/\/www.moebel-spanrad.de\/staging\/wp-json\/wp\/v2\/users\/3"}],"replies":[{"embeddable":true,"href":"https:\/\/www.moebel-spanrad.de\/staging\/wp-json\/wp\/v2\/comments?post=8426"}],"version-history":[{"count":0,"href":"https:\/\/www.moebel-spanrad.de\/staging\/wp-json\/wp\/v2\/pages\/8426\/revisions"}],"wp:attachment":[{"href":"https:\/\/www.moebel-spanrad.de\/staging\/wp-json\/wp\/v2\/media?parent=8426"}],"curies":[{"name":"wp","href":"https:\/\/api.w.org\/{rel}","templated":true}]}}